{"id":1147,"date":"2024-07-15T15:00:13","date_gmt":"2024-07-15T15:00:13","guid":{"rendered":"https:\/\/ohlalavoila.com\/?page_id=1147"},"modified":"2024-09-04T09:09:11","modified_gmt":"2024-09-04T14:09:11","slug":"sale","status":"publish","type":"page","link":"https:\/\/ohlalavoila.com\/es\/oferta\/","title":{"rendered":"Oferta"},"content":{"rendered":"<div data-elementor-type=\"wp-page\" data-elementor-id=\"1147\" class=\"elementor elementor-1147\" data-elementor-post-type=\"page\">\n\t\t\t\t<div class=\"elementor-element elementor-element-222b24d e-flex e-con-boxed e-con e-parent\" data-id=\"222b24d\" data-element_type=\"container\" data-settings=\"{&quot;background_background&quot;:&quot;classic&quot;}\">\n\t\t\t\t\t<div class=\"e-con-inner\">\n\t\t<div class=\"elementor-element elementor-element-db25be0 e-con-full e-flex e-con e-child\" data-id=\"db25be0\" data-element_type=\"container\" data-settings=\"{&quot;background_background&quot;:&quot;classic&quot;}\">\n\t\t\t\t<div class=\"elementor-element elementor-element-59ba174 elementor-widget elementor-widget-image\" data-id=\"59ba174\" data-element_type=\"widget\" data-widget_type=\"image.default\">\n\t\t\t\t<div class=\"elementor-widget-container\">\n\t\t\t\t\t\t\t\t\t\t\t\t\t\t\t<img fetchpriority=\"high\" decoding=\"async\" width=\"1036\" height=\"644\" src=\"https:\/\/ohlalavoila.com\/wp-content\/uploads\/2024\/08\/Box-15-mini-bites-1.jpg\" class=\"attachment-full size-full wp-image-1483\" alt=\"Caja de 15 mini bites\" srcset=\"https:\/\/ohlalavoila.com\/wp-content\/uploads\/2024\/08\/Box-15-mini-bites-1.jpg 1036w, https:\/\/ohlalavoila.com\/wp-content\/uploads\/2024\/08\/Box-15-mini-bites-1-300x186.jpg 300w, https:\/\/ohlalavoila.com\/wp-content\/uploads\/2024\/08\/Box-15-mini-bites-1-1024x637.jpg 1024w, https:\/\/ohlalavoila.com\/wp-content\/uploads\/2024\/08\/Box-15-mini-bites-1-768x477.jpg 768w, https:\/\/ohlalavoila.com\/wp-content\/uploads\/2024\/08\/Box-15-mini-bites-1-600x373.jpg 600w\" sizes=\"(max-width: 1036px) 100vw, 1036px\" \/>\t\t\t\t\t\t\t\t\t\t\t\t\t\t\t<\/div>\n\t\t\t\t<\/div>\n\t\t\t\t<div class=\"elementor-element elementor-element-2b50755 elementor-widget elementor-widget-heading\" data-id=\"2b50755\" data-element_type=\"widget\" data-widget_type=\"heading.default\">\n\t\t\t\t<div class=\"elementor-widget-container\">\n\t\t\t\t\t<p class=\"elementor-heading-title elementor-size-default\">CAJA DE 15<\/p>\t\t\t\t<\/div>\n\t\t\t\t<\/div>\n\t\t\t\t<div class=\"elementor-element elementor-element-0398a2e elementor-widget elementor-widget-heading\" data-id=\"0398a2e\" data-element_type=\"widget\" data-widget_type=\"heading.default\">\n\t\t\t\t<div class=\"elementor-widget-container\">\n\t\t\t\t\t<p class=\"elementor-heading-title elementor-size-default\">$39<\/p>\t\t\t\t<\/div>\n\t\t\t\t<\/div>\n\t\t\t\t<div class=\"elementor-element elementor-element-361bc63 elementor-align-center elementor-widget elementor-widget-button\" data-id=\"361bc63\" data-element_type=\"widget\" data-widget_type=\"button.default\">\n\t\t\t\t<div class=\"elementor-widget-container\">\n\t\t\t\t\t\t\t\t\t<div class=\"elementor-button-wrapper\">\n\t\t\t\t\t<a class=\"elementor-button elementor-button-link elementor-size-sm\" href=\"https:\/\/ohlalavoila.com\/es\/producto\/caja-15-tartaletas\/\">\n\t\t\t\t\t\t<span class=\"elementor-button-content-wrapper\">\n\t\t\t\t\t\t\t\t\t<span class=\"elementor-button-text\">Comprar ahora<\/span>\n\t\t\t\t\t<\/span>\n\t\t\t\t\t<\/a>\n\t\t\t\t<\/div>\n\t\t\t\t\t\t\t\t<\/div>\n\t\t\t\t<\/div>\n\t\t\t\t<div class=\"elementor-element elementor-element-037cfe6 elementor-widget elementor-widget-heading\" data-id=\"037cfe6\" data-element_type=\"widget\" data-widget_type=\"heading.default\">\n\t\t\t\t<div class=\"elementor-widget-container\">\n\t\t\t\t\t<p class=\"elementor-heading-title elementor-size-default\">Compra tu caja y elige los sabores<\/p>\t\t\t\t<\/div>\n\t\t\t\t<\/div>\n\t\t\t\t<\/div>\n\t\t<div class=\"elementor-element elementor-element-0bb4c07 e-con-full e-flex e-con e-child\" data-id=\"0bb4c07\" data-element_type=\"container\" data-settings=\"{&quot;background_background&quot;:&quot;classic&quot;}\">\n\t\t\t\t<div class=\"elementor-element elementor-element-91451d3 elementor-widget elementor-widget-image\" data-id=\"91451d3\" data-element_type=\"widget\" data-widget_type=\"image.default\">\n\t\t\t\t<div class=\"elementor-widget-container\">\n\t\t\t\t\t\t\t\t\t\t\t\t\t\t\t<img decoding=\"async\" width=\"1036\" height=\"644\" src=\"https:\/\/ohlalavoila.com\/wp-content\/uploads\/2024\/08\/Box-30-mini-bites.jpg\" class=\"attachment-full size-full wp-image-1475\" alt=\"Caja de 30 mini bites\" srcset=\"https:\/\/ohlalavoila.com\/wp-content\/uploads\/2024\/08\/Box-30-mini-bites.jpg 1036w, https:\/\/ohlalavoila.com\/wp-content\/uploads\/2024\/08\/Box-30-mini-bites-300x186.jpg 300w, https:\/\/ohlalavoila.com\/wp-content\/uploads\/2024\/08\/Box-30-mini-bites-1024x637.jpg 1024w, https:\/\/ohlalavoila.com\/wp-content\/uploads\/2024\/08\/Box-30-mini-bites-768x477.jpg 768w, https:\/\/ohlalavoila.com\/wp-content\/uploads\/2024\/08\/Box-30-mini-bites-600x373.jpg 600w\" sizes=\"(max-width: 1036px) 100vw, 1036px\" \/>\t\t\t\t\t\t\t\t\t\t\t\t\t\t\t<\/div>\n\t\t\t\t<\/div>\n\t\t\t\t<div class=\"elementor-element elementor-element-e9cbf2e elementor-widget elementor-widget-heading\" data-id=\"e9cbf2e\" data-element_type=\"widget\" data-widget_type=\"heading.default\">\n\t\t\t\t<div class=\"elementor-widget-container\">\n\t\t\t\t\t<p class=\"elementor-heading-title elementor-size-default\">CAJA DE 30<\/p>\t\t\t\t<\/div>\n\t\t\t\t<\/div>\n\t\t\t\t<div class=\"elementor-element elementor-element-5496425 elementor-widget elementor-widget-heading\" data-id=\"5496425\" data-element_type=\"widget\" data-widget_type=\"heading.default\">\n\t\t\t\t<div class=\"elementor-widget-container\">\n\t\t\t\t\t<p class=\"elementor-heading-title elementor-size-default\">$59<\/p>\t\t\t\t<\/div>\n\t\t\t\t<\/div>\n\t\t\t\t<div class=\"elementor-element elementor-element-aaf1942 elementor-align-center elementor-widget elementor-widget-button\" data-id=\"aaf1942\" data-element_type=\"widget\" data-widget_type=\"button.default\">\n\t\t\t\t<div class=\"elementor-widget-container\">\n\t\t\t\t\t\t\t\t\t<div class=\"elementor-button-wrapper\">\n\t\t\t\t\t<a class=\"elementor-button elementor-button-link elementor-size-sm\" href=\"https:\/\/ohlalavoila.com\/es\/producto\/caja-30-tartaletas\/\">\n\t\t\t\t\t\t<span class=\"elementor-button-content-wrapper\">\n\t\t\t\t\t\t\t\t\t<span class=\"elementor-button-text\">Comprar ahora<\/span>\n\t\t\t\t\t<\/span>\n\t\t\t\t\t<\/a>\n\t\t\t\t<\/div>\n\t\t\t\t\t\t\t\t<\/div>\n\t\t\t\t<\/div>\n\t\t\t\t<div class=\"elementor-element elementor-element-26f7abb elementor-widget elementor-widget-heading\" data-id=\"26f7abb\" data-element_type=\"widget\" data-widget_type=\"heading.default\">\n\t\t\t\t<div class=\"elementor-widget-container\">\n\t\t\t\t\t<p class=\"elementor-heading-title elementor-size-default\">Compra tu caja y elige los sabores<\/p>\t\t\t\t<\/div>\n\t\t\t\t<\/div>\n\t\t\t\t<\/div>\n\t\t<div class=\"elementor-element elementor-element-18a5d12 e-con-full e-flex e-con e-child\" data-id=\"18a5d12\" data-element_type=\"container\" data-settings=\"{&quot;background_background&quot;:&quot;classic&quot;}\">\n\t\t\t\t<div class=\"elementor-element elementor-element-29a8d82 elementor-widget__width-initial elementor-widget elementor-widget-heading\" data-id=\"29a8d82\" data-element_type=\"widget\" data-widget_type=\"heading.default\">\n\t\t\t\t<div class=\"elementor-widget-container\">\n\t\t\t\t\t<p class=\"elementor-heading-title elementor-size-default\">El m\u00e1s vendido<\/p>\t\t\t\t<\/div>\n\t\t\t\t<\/div>\n\t\t\t\t<div class=\"elementor-element elementor-element-ae5abd3 elementor-widget elementor-widget-image\" data-id=\"ae5abd3\" data-element_type=\"widget\" data-widget_type=\"image.default\">\n\t\t\t\t<div class=\"elementor-widget-container\">\n\t\t\t\t\t\t\t\t\t\t\t\t\t\t\t<img decoding=\"async\" width=\"600\" height=\"373\" src=\"https:\/\/ohlalavoila.com\/wp-content\/uploads\/2024\/08\/Box-49-mini-bites.jpg\" class=\"attachment-full size-full wp-image-1370\" alt=\"Caja de 49 mini bites\" srcset=\"https:\/\/ohlalavoila.com\/wp-content\/uploads\/2024\/08\/Box-49-mini-bites.jpg 600w, https:\/\/ohlalavoila.com\/wp-content\/uploads\/2024\/08\/Box-49-mini-bites-300x187.jpg 300w\" sizes=\"(max-width: 600px) 100vw, 600px\" \/>\t\t\t\t\t\t\t\t\t\t\t\t\t\t\t<\/div>\n\t\t\t\t<\/div>\n\t\t\t\t<div class=\"elementor-element elementor-element-d83190b elementor-widget elementor-widget-heading\" data-id=\"d83190b\" data-element_type=\"widget\" data-widget_type=\"heading.default\">\n\t\t\t\t<div class=\"elementor-widget-container\">\n\t\t\t\t\t<p class=\"elementor-heading-title elementor-size-default\">CAJA DE 49<\/p>\t\t\t\t<\/div>\n\t\t\t\t<\/div>\n\t\t\t\t<div class=\"elementor-element elementor-element-0d755ef elementor-widget elementor-widget-heading\" data-id=\"0d755ef\" data-element_type=\"widget\" data-widget_type=\"heading.default\">\n\t\t\t\t<div class=\"elementor-widget-container\">\n\t\t\t\t\t<p class=\"elementor-heading-title elementor-size-default\">$89<\/p>\t\t\t\t<\/div>\n\t\t\t\t<\/div>\n\t\t\t\t<div class=\"elementor-element elementor-element-5c834b1 elementor-align-center elementor-widget elementor-widget-button\" data-id=\"5c834b1\" data-element_type=\"widget\" data-widget_type=\"button.default\">\n\t\t\t\t<div class=\"elementor-widget-container\">\n\t\t\t\t\t\t\t\t\t<div class=\"elementor-button-wrapper\">\n\t\t\t\t\t<a class=\"elementor-button elementor-button-link elementor-size-sm\" href=\"https:\/\/ohlalavoila.com\/es\/producto\/caja-49-tartaletas\/\">\n\t\t\t\t\t\t<span class=\"elementor-button-content-wrapper\">\n\t\t\t\t\t\t\t\t\t<span class=\"elementor-button-text\">Comprar ahora<\/span>\n\t\t\t\t\t<\/span>\n\t\t\t\t\t<\/a>\n\t\t\t\t<\/div>\n\t\t\t\t\t\t\t\t<\/div>\n\t\t\t\t<\/div>\n\t\t\t\t<div class=\"elementor-element elementor-element-927f318 elementor-widget elementor-widget-heading\" data-id=\"927f318\" data-element_type=\"widget\" data-widget_type=\"heading.default\">\n\t\t\t\t<div class=\"elementor-widget-container\">\n\t\t\t\t\t<p class=\"elementor-heading-title elementor-size-default\">Compra tu caja y elige los sabores<\/p>\t\t\t\t<\/div>\n\t\t\t\t<\/div>\n\t\t\t\t<\/div>\n\t\t\t\t\t<\/div>\n\t\t\t\t<\/div>\n\t\t\t\t<\/div>","protected":false},"excerpt":{"rendered":"<p>BOX 15 $39 Buy now Buy your box and choose the flavors BOX 30 $59 Buy now Buy your box [&hellip;]<\/p>","protected":false},"author":1,"featured_media":0,"parent":0,"menu_order":0,"comment_status":"closed","ping_status":"closed","template":"","meta":{"site-sidebar-layout":"no-sidebar","site-content-layout":"","ast-site-content-layout":"full-width-container","site-content-style":"default","site-sidebar-style":"default","ast-global-header-display":"","ast-banner-title-visibility":"","ast-main-header-display":"","ast-hfb-above-header-display":"","ast-hfb-below-header-display":"","ast-hfb-mobile-header-display":"","site-post-title":"disabled","ast-breadcrumbs-content":"","ast-featured-img":"disabled","footer-sml-layout":"","ast-disable-related-posts":"","theme-transparent-header-meta":"","adv-header-id-meta":"","stick-header-meta":"","header-above-stick-meta":"","header-main-stick-meta":"","header-below-stick-meta":"","astra-migrate-meta-layouts":"default","ast-page-background-enabled":"default","ast-page-background-meta":{"desktop":{"background-color":"var(--ast-global-color-4)","background-image":"","background-repeat":"repeat","background-position":"center center","background-size":"auto","background-attachment":"scroll","background-type":"","background-media":"","overlay-type":"","overlay-color":"","overlay-opacity":"","overlay-gradient":""},"tablet":{"background-color":"","background-image":"","background-repeat":"repeat","background-position":"center center","background-size":"auto","background-attachment":"scroll","background-type":"","background-media":"","overlay-type":"","overlay-color":"","overlay-opacity":"","overlay-gradient":""},"mobile":{"background-color":"","background-image":"","background-repeat":"repeat","background-position":"center center","background-size":"auto","background-attachment":"scroll","background-type":"","background-media":"","overlay-type":"","overlay-color":"","overlay-opacity":"","overlay-gradient":""}},"ast-content-background-meta":{"desktop":{"background-color":"var(--ast-global-color-5)","background-image":"","background-repeat":"repeat","background-position":"center center","background-size":"auto","background-attachment":"scroll","background-type":"","background-media":"","overlay-type":"","overlay-color":"","overlay-opacity":"","overlay-gradient":""},"tablet":{"background-color":"var(--ast-global-color-5)","background-image":"","background-repeat":"repeat","background-position":"center center","background-size":"auto","background-attachment":"scroll","background-type":"","background-media":"","overlay-type":"","overlay-color":"","overlay-opacity":"","overlay-gradient":""},"mobile":{"background-color":"var(--ast-global-color-5)","background-image":"","background-repeat":"repeat","background-position":"center center","background-size":"auto","background-attachment":"scroll","background-type":"","background-media":"","overlay-type":"","overlay-color":"","overlay-opacity":"","overlay-gradient":""}},"footnotes":""},"class_list":["post-1147","page","type-page","status-publish","hentry"],"yoast_head":"<!-- This site is optimized with the Yoast SEO plugin v26.8 - https:\/\/yoast.com\/product\/yoast-seo-wordpress\/ -->\n<title>Boxes of Mini bites on offer. Irresistible and divine.<\/title>\n<meta name=\"description\" content=\"Take advantage of this great special offer of Mini Bites in presentation boxes for all occasions. Choose the flavors you want.\" \/>\n<meta name=\"robots\" content=\"index, follow, max-snippet:-1, max-image-preview:large, max-video-preview:-1\" \/>\n<link rel=\"canonical\" href=\"https:\/\/ohlalavoila.com\/es\/oferta\/\" \/>\n<meta property=\"og:locale\" content=\"es_ES\" \/>\n<meta property=\"og:type\" content=\"article\" \/>\n<meta property=\"og:title\" content=\"Boxes of Mini bites on offer. Irresistible and divine.\" \/>\n<meta property=\"og:description\" content=\"Take advantage of this great special offer of Mini Bites in presentation boxes for all occasions. Choose the flavors you want.\" \/>\n<meta property=\"og:url\" content=\"https:\/\/ohlalavoila.com\/es\/oferta\/\" \/>\n<meta property=\"og:site_name\" content=\"Delight yourself with the best variety of mini bites and pies in Miami\" \/>\n<meta property=\"article:modified_time\" content=\"2024-09-04T14:09:11+00:00\" \/>\n<meta property=\"og:image\" content=\"https:\/\/ohlalavoila.com\/wp-content\/uploads\/2024\/08\/Box-15-mini-bites-1.jpg\" \/>\n<script type=\"application\/ld+json\" class=\"yoast-schema-graph\">{\"@context\":\"https:\/\/schema.org\",\"@graph\":[{\"@type\":\"WebPage\",\"@id\":\"https:\/\/ohlalavoila.com\/sale\/\",\"url\":\"https:\/\/ohlalavoila.com\/sale\/\",\"name\":\"Boxes of Mini bites on offer. Irresistible and divine.\",\"isPartOf\":{\"@id\":\"https:\/\/ohlalavoila.com\/#website\"},\"primaryImageOfPage\":{\"@id\":\"https:\/\/ohlalavoila.com\/sale\/#primaryimage\"},\"image\":{\"@id\":\"https:\/\/ohlalavoila.com\/sale\/#primaryimage\"},\"thumbnailUrl\":\"https:\/\/ohlalavoila.com\/wp-content\/uploads\/2024\/08\/Box-15-mini-bites-1.jpg\",\"datePublished\":\"2024-07-15T15:00:13+00:00\",\"dateModified\":\"2024-09-04T14:09:11+00:00\",\"description\":\"Take advantage of this great special offer of Mini Bites in presentation boxes for all occasions. Choose the flavors you want.\",\"breadcrumb\":{\"@id\":\"https:\/\/ohlalavoila.com\/sale\/#breadcrumb\"},\"inLanguage\":\"es\",\"potentialAction\":[{\"@type\":\"ReadAction\",\"target\":[\"https:\/\/ohlalavoila.com\/sale\/\"]}]},{\"@type\":\"ImageObject\",\"inLanguage\":\"es\",\"@id\":\"https:\/\/ohlalavoila.com\/sale\/#primaryimage\",\"url\":\"https:\/\/ohlalavoila.com\/wp-content\/uploads\/2024\/08\/Box-15-mini-bites-1.jpg\",\"contentUrl\":\"https:\/\/ohlalavoila.com\/wp-content\/uploads\/2024\/08\/Box-15-mini-bites-1.jpg\"},{\"@type\":\"BreadcrumbList\",\"@id\":\"https:\/\/ohlalavoila.com\/sale\/#breadcrumb\",\"itemListElement\":[{\"@type\":\"ListItem\",\"position\":1,\"name\":\"Home\",\"item\":\"https:\/\/ohlalavoila.com\/\"},{\"@type\":\"ListItem\",\"position\":2,\"name\":\"Sale\"}]},{\"@type\":\"WebSite\",\"@id\":\"https:\/\/ohlalavoila.com\/#website\",\"url\":\"https:\/\/ohlalavoila.com\/\",\"name\":\"Ohlala voila Mini Bites Miami Florida\",\"description\":\"Discover our delicious selection of Mini Bites. Enjoy a unique experience, fast delivery to Miami and all of Florida.\",\"publisher\":{\"@id\":\"https:\/\/ohlalavoila.com\/#organization\"},\"alternateName\":\"The best Mini Bites for all types of occasions and celebrations\",\"potentialAction\":[{\"@type\":\"SearchAction\",\"target\":{\"@type\":\"EntryPoint\",\"urlTemplate\":\"https:\/\/ohlalavoila.com\/?s={search_term_string}\"},\"query-input\":{\"@type\":\"PropertyValueSpecification\",\"valueRequired\":true,\"valueName\":\"search_term_string\"}}],\"inLanguage\":\"es\"},{\"@type\":\"Organization\",\"@id\":\"https:\/\/ohlalavoila.com\/#organization\",\"name\":\"Ohlala voila Mini Bites Miami Florida\",\"url\":\"https:\/\/ohlalavoila.com\/\",\"logo\":{\"@type\":\"ImageObject\",\"inLanguage\":\"es\",\"@id\":\"https:\/\/ohlalavoila.com\/#\/schema\/logo\/image\/\",\"url\":\"https:\/\/ohlalavoila.com\/wp-content\/uploads\/2024\/08\/696.jpg\",\"contentUrl\":\"https:\/\/ohlalavoila.com\/wp-content\/uploads\/2024\/08\/696.jpg\",\"width\":696,\"height\":675,\"caption\":\"Ohlala voila Mini Bites Miami Florida\"},\"image\":{\"@id\":\"https:\/\/ohlalavoila.com\/#\/schema\/logo\/image\/\"}}]}<\/script>\n<!-- \/ Yoast SEO plugin. -->","yoast_head_json":{"title":"Cajas de Mini bites en oferta. Irresistible y divina.","description":"Aprovecha esta gran oferta especial de Mini Bites en cajas de presentaci\u00f3n para toda ocasi\u00f3n. Elige los sabores que quieras.","robots":{"index":"index","follow":"follow","max-snippet":"max-snippet:-1","max-image-preview":"max-image-preview:large","max-video-preview":"max-video-preview:-1"},"canonical":"https:\/\/ohlalavoila.com\/es\/oferta\/","og_locale":"es_ES","og_type":"article","og_title":"Boxes of Mini bites on offer. Irresistible and divine.","og_description":"Take advantage of this great special offer of Mini Bites in presentation boxes for all occasions. Choose the flavors you want.","og_url":"https:\/\/ohlalavoila.com\/es\/oferta\/","og_site_name":"Delight yourself with the best variety of mini bites and pies in Miami","article_modified_time":"2024-09-04T14:09:11+00:00","og_image":[{"url":"https:\/\/ohlalavoila.com\/wp-content\/uploads\/2024\/08\/Box-15-mini-bites-1.jpg","type":"","width":"","height":""}],"schema":{"@context":"https:\/\/schema.org","@graph":[{"@type":"WebPage","@id":"https:\/\/ohlalavoila.com\/sale\/","url":"https:\/\/ohlalavoila.com\/sale\/","name":"Cajas de Mini bites en oferta. Irresistible y divina.","isPartOf":{"@id":"https:\/\/ohlalavoila.com\/#website"},"primaryImageOfPage":{"@id":"https:\/\/ohlalavoila.com\/sale\/#primaryimage"},"image":{"@id":"https:\/\/ohlalavoila.com\/sale\/#primaryimage"},"thumbnailUrl":"https:\/\/ohlalavoila.com\/wp-content\/uploads\/2024\/08\/Box-15-mini-bites-1.jpg","datePublished":"2024-07-15T15:00:13+00:00","dateModified":"2024-09-04T14:09:11+00:00","description":"Aprovecha esta gran oferta especial de Mini Bites en cajas de presentaci\u00f3n para toda ocasi\u00f3n. Elige los sabores que quieras.","breadcrumb":{"@id":"https:\/\/ohlalavoila.com\/sale\/#breadcrumb"},"inLanguage":"es","potentialAction":[{"@type":"ReadAction","target":["https:\/\/ohlalavoila.com\/sale\/"]}]},{"@type":"ImageObject","inLanguage":"es","@id":"https:\/\/ohlalavoila.com\/sale\/#primaryimage","url":"https:\/\/ohlalavoila.com\/wp-content\/uploads\/2024\/08\/Box-15-mini-bites-1.jpg","contentUrl":"https:\/\/ohlalavoila.com\/wp-content\/uploads\/2024\/08\/Box-15-mini-bites-1.jpg"},{"@type":"BreadcrumbList","@id":"https:\/\/ohlalavoila.com\/sale\/#breadcrumb","itemListElement":[{"@type":"ListItem","position":1,"name":"Home","item":"https:\/\/ohlalavoila.com\/"},{"@type":"ListItem","position":2,"name":"Sale"}]},{"@type":"WebSite","@id":"https:\/\/ohlalavoila.com\/#website","url":"https:\/\/ohlalavoila.com\/","name":"Ohlala voila Mini Bites Miami Florida","description":"Descubre nuestra deliciosa selecci\u00f3n de Mini Bites. Disfruta de una experiencia \u00fanica, entrega r\u00e1pida a Miami y toda La Florida.","publisher":{"@id":"https:\/\/ohlalavoila.com\/#organization"},"alternateName":"The best Mini Bites for all types of occasions and celebrations","potentialAction":[{"@type":"SearchAction","target":{"@type":"EntryPoint","urlTemplate":"https:\/\/ohlalavoila.com\/?s={search_term_string}"},"query-input":{"@type":"PropertyValueSpecification","valueRequired":true,"valueName":"search_term_string"}}],"inLanguage":"es"},{"@type":"Organization","@id":"https:\/\/ohlalavoila.com\/#organization","name":"Ohlala voila Mini Bites Miami Florida","url":"https:\/\/ohlalavoila.com\/","logo":{"@type":"ImageObject","inLanguage":"es","@id":"https:\/\/ohlalavoila.com\/#\/schema\/logo\/image\/","url":"https:\/\/ohlalavoila.com\/wp-content\/uploads\/2024\/08\/696.jpg","contentUrl":"https:\/\/ohlalavoila.com\/wp-content\/uploads\/2024\/08\/696.jpg","width":696,"height":675,"caption":"Ohlala voila Mini Bites Miami Florida"},"image":{"@id":"https:\/\/ohlalavoila.com\/#\/schema\/logo\/image\/"}}]}},"_links":{"self":[{"href":"https:\/\/ohlalavoila.com\/es\/wp-json\/wp\/v2\/pages\/1147","targetHints":{"allow":["GET"]}}],"collection":[{"href":"https:\/\/ohlalavoila.com\/es\/wp-json\/wp\/v2\/pages"}],"about":[{"href":"https:\/\/ohlalavoila.com\/es\/wp-json\/wp\/v2\/types\/page"}],"author":[{"embeddable":true,"href":"https:\/\/ohlalavoila.com\/es\/wp-json\/wp\/v2\/users\/1"}],"replies":[{"embeddable":true,"href":"https:\/\/ohlalavoila.com\/es\/wp-json\/wp\/v2\/comments?post=1147"}],"version-history":[{"count":1,"href":"https:\/\/ohlalavoila.com\/es\/wp-json\/wp\/v2\/pages\/1147\/revisions"}],"predecessor-version":[{"id":1839,"href":"https:\/\/ohlalavoila.com\/es\/wp-json\/wp\/v2\/pages\/1147\/revisions\/1839"}],"wp:attachment":[{"href":"https:\/\/ohlalavoila.com\/es\/wp-json\/wp\/v2\/media?parent=1147"}],"curies":[{"name":"wp","href":"https:\/\/api.w.org\/{rel}","templated":true}]}}