{"id":1611,"date":"2024-08-19T17:48:06","date_gmt":"2024-08-19T17:48:06","guid":{"rendered":"https:\/\/ohlalavoila.com\/?page_id=1611"},"modified":"2024-09-04T09:44:58","modified_gmt":"2024-09-04T14:44:58","slug":"contact","status":"publish","type":"page","link":"https:\/\/ohlalavoila.com\/es\/contact\/","title":{"rendered":"Contacto"},"content":{"rendered":"<div data-elementor-type=\"wp-page\" data-elementor-id=\"1611\" class=\"elementor elementor-1611\" data-elementor-post-type=\"page\">\n\t\t\t\t<div class=\"elementor-element elementor-element-798c13b e-flex e-con-boxed e-con e-parent\" data-id=\"798c13b\" data-element_type=\"container\" data-settings=\"{&quot;background_background&quot;:&quot;classic&quot;}\">\n\t\t\t\t\t<div class=\"e-con-inner\">\n\t\t\t\t<div class=\"elementor-element elementor-element-cca82de elementor-widget elementor-widget-heading\" data-id=\"cca82de\" data-element_type=\"widget\" data-widget_type=\"heading.default\">\n\t\t\t\t<div class=\"elementor-widget-container\">\n\t\t\t\t\t<h1 class=\"elementor-heading-title elementor-size-default\">Cont\u00e1ctanos<\/h1>\t\t\t\t<\/div>\n\t\t\t\t<\/div>\n\t\t\t\t<div class=\"elementor-element elementor-element-bd68d81 elementor-widget__width-initial elementor-widget elementor-widget-heading\" data-id=\"bd68d81\" data-element_type=\"widget\" data-widget_type=\"heading.default\">\n\t\t\t\t<div class=\"elementor-widget-container\">\n\t\t\t\t\t<p class=\"elementor-heading-title elementor-size-default\">\u00a1Estaremos encantados de ayudarte!<\/p>\t\t\t\t<\/div>\n\t\t\t\t<\/div>\n\t\t\t\t\t<\/div>\n\t\t\t\t<\/div>\n\t\t<div class=\"elementor-element elementor-element-ccbf0af e-flex e-con-boxed e-con e-parent\" data-id=\"ccbf0af\" data-element_type=\"container\" data-settings=\"{&quot;background_background&quot;:&quot;classic&quot;}\">\n\t\t\t\t\t<div class=\"e-con-inner\">\n\t\t<div class=\"elementor-element elementor-element-2677a21 e-con-full e-flex e-con e-child\" data-id=\"2677a21\" data-element_type=\"container\">\n\t\t\t\t<div class=\"elementor-element elementor-element-7d00941 elementor-widget elementor-widget-heading\" data-id=\"7d00941\" data-element_type=\"widget\" data-widget_type=\"heading.default\">\n\t\t\t\t<div class=\"elementor-widget-container\">\n\t\t\t\t\t<p class=\"elementor-heading-title elementor-size-default\">\u00bfQuieres saber m\u00e1s acerca de lo que podemos ofrecerle?<\/p>\t\t\t\t<\/div>\n\t\t\t\t<\/div>\n\t\t\t\t<div class=\"elementor-element elementor-element-1c9c9fe elementor-widget elementor-widget-text-editor\" data-id=\"1c9c9fe\" data-element_type=\"widget\" data-widget_type=\"text-editor.default\">\n\t\t\t\t<div class=\"elementor-widget-container\">\n\t\t\t\t\t\t\t\t\t<p>Ll\u00e1manos y uno de nuestros expertos estar\u00e1n encantados de atenderle y resolver todas sus dudas, con la mejor disposici\u00f3n.<\/p>\t\t\t\t\t\t\t\t<\/div>\n\t\t\t\t<\/div>\n\t\t\t\t<div class=\"elementor-element elementor-element-8ea474f elementor-align-start elementor-mobile-align-center elementor-icon-list--layout-traditional elementor-list-item-link-full_width elementor-widget elementor-widget-icon-list\" data-id=\"8ea474f\" data-element_type=\"widget\" data-widget_type=\"icon-list.default\">\n\t\t\t\t<div class=\"elementor-widget-container\">\n\t\t\t\t\t\t\t<ul class=\"elementor-icon-list-items\">\n\t\t\t\t\t\t\t<li class=\"elementor-icon-list-item\">\n\t\t\t\t\t\t\t\t\t\t\t<span class=\"elementor-icon-list-icon\">\n\t\t\t\t\t\t\t<svg aria-hidden=\"true\" class=\"e-font-icon-svg e-fas-phone-alt\" viewbox=\"0 0 512 512\" xmlns=\"http:\/\/www.w3.org\/2000\/svg\"><path d=\"M497.39 361.8l-112-48a24 24 0 0 0-28 6.9l-49.6 60.6A370.66 370.66 0 0 1 130.6 204.11l60.6-49.6a23.94 23.94 0 0 0 6.9-28l-48-112A24.16 24.16 0 0 0 122.6.61l-104 24A24 24 0 0 0 0 48c0 256.5 207.9 464 464 464a24 24 0 0 0 23.4-18.6l24-104a24.29 24.29 0 0 0-14.01-27.6z\"><\/path><\/svg>\t\t\t\t\t\t<\/span>\n\t\t\t\t\t\t\t\t\t\t<span class=\"elementor-icon-list-text\">786- 3430269<\/span>\n\t\t\t\t\t\t\t\t\t<\/li>\n\t\t\t\t\t\t\t\t<li class=\"elementor-icon-list-item\">\n\t\t\t\t\t\t\t\t\t\t\t<span class=\"elementor-icon-list-icon\">\n\t\t\t\t\t\t\t<svg aria-hidden=\"true\" class=\"e-font-icon-svg e-fas-phone-alt\" viewbox=\"0 0 512 512\" xmlns=\"http:\/\/www.w3.org\/2000\/svg\"><path d=\"M497.39 361.8l-112-48a24 24 0 0 0-28 6.9l-49.6 60.6A370.66 370.66 0 0 1 130.6 204.11l60.6-49.6a23.94 23.94 0 0 0 6.9-28l-48-112A24.16 24.16 0 0 0 122.6.61l-104 24A24 24 0 0 0 0 48c0 256.5 207.9 464 464 464a24 24 0 0 0 23.4-18.6l24-104a24.29 24.29 0 0 0-14.01-27.6z\"><\/path><\/svg>\t\t\t\t\t\t<\/span>\n\t\t\t\t\t\t\t\t\t\t<span class=\"elementor-icon-list-text\">786- 3696401<\/span>\n\t\t\t\t\t\t\t\t\t<\/li>\n\t\t\t\t\t\t<\/ul>\n\t\t\t\t\t\t<\/div>\n\t\t\t\t<\/div>\n\t\t\t\t<div class=\"elementor-element elementor-element-13d3d74 elementor-hidden-mobile elementor-widget elementor-widget-image\" data-id=\"13d3d74\" data-element_type=\"widget\" data-widget_type=\"image.default\">\n\t\t\t\t<div class=\"elementor-widget-container\">\n\t\t\t\t\t\t\t\t\t\t\t\t\t\t\t<img fetchpriority=\"high\" decoding=\"async\" width=\"600\" height=\"400\" src=\"https:\/\/ohlalavoila.com\/wp-content\/uploads\/2024\/07\/Contacto-Catering-1.jpg\" class=\"attachment-full size-full wp-image-1215\" alt=\"Contacto-Catering\" srcset=\"https:\/\/ohlalavoila.com\/wp-content\/uploads\/2024\/07\/Contacto-Catering-1.jpg 600w, https:\/\/ohlalavoila.com\/wp-content\/uploads\/2024\/07\/Contacto-Catering-1-300x200.jpg 300w\" sizes=\"(max-width: 600px) 100vw, 600px\" \/>\t\t\t\t\t\t\t\t\t\t\t\t\t\t\t<\/div>\n\t\t\t\t<\/div>\n\t\t\t\t<\/div>\n\t\t<div class=\"elementor-element elementor-element-0ac2342 e-con-full e-flex e-con e-child\" data-id=\"0ac2342\" data-element_type=\"container\" data-settings=\"{&quot;background_background&quot;:&quot;classic&quot;}\">\n\t\t\t\t<div class=\"elementor-element elementor-element-e194bbf elementor-widget elementor-widget-wpforms\" data-id=\"e194bbf\" data-element_type=\"widget\" data-widget_type=\"wpforms.default\">\n\t\t\t\t<div class=\"elementor-widget-container\">\n\t\t\t\t\t<style id=\"wpforms-css-vars-root\">\n\t\t\t\t:root {\n\t\t\t\t\t--wpforms-field-border-radius: 3px;\n--wpforms-field-border-style: solid;\n--wpforms-field-border-size: 1px;\n--wpforms-field-background-color: #ffffff;\n--wpforms-field-border-color: rgba( 0, 0, 0, 0.25 );\n--wpforms-field-border-color-spare: rgba( 0, 0, 0, 0.25 );\n--wpforms-field-text-color: rgba( 0, 0, 0, 0.7 );\n--wpforms-field-menu-color: #ffffff;\n--wpforms-label-color: rgba( 0, 0, 0, 0.85 );\n--wpforms-label-sublabel-color: rgba( 0, 0, 0, 0.55 );\n--wpforms-label-error-color: #d63637;\n--wpforms-button-border-radius: 3px;\n--wpforms-button-border-style: none;\n--wpforms-button-border-size: 1px;\n--wpforms-button-background-color: #066aab;\n--wpforms-button-border-color: #066aab;\n--wpforms-button-text-color: #ffffff;\n--wpforms-page-break-color: #066aab;\n--wpforms-background-image: none;\n--wpforms-background-position: center center;\n--wpforms-background-repeat: no-repeat;\n--wpforms-background-size: cover;\n--wpforms-background-width: 100px;\n--wpforms-background-height: 100px;\n--wpforms-background-color: rgba( 0, 0, 0, 0 );\n--wpforms-background-url: none;\n--wpforms-container-padding: 0px;\n--wpforms-container-border-style: none;\n--wpforms-container-border-width: 1px;\n--wpforms-container-border-color: #000000;\n--wpforms-container-border-radius: 3px;\n--wpforms-field-size-input-height: 43px;\n--wpforms-field-size-input-spacing: 15px;\n--wpforms-field-size-font-size: 16px;\n--wpforms-field-size-line-height: 19px;\n--wpforms-field-size-padding-h: 14px;\n--wpforms-field-size-checkbox-size: 16px;\n--wpforms-field-size-sublabel-spacing: 5px;\n--wpforms-field-size-icon-size: 1;\n--wpforms-label-size-font-size: 16px;\n--wpforms-label-size-line-height: 19px;\n--wpforms-label-size-sublabel-font-size: 14px;\n--wpforms-label-size-sublabel-line-height: 17px;\n--wpforms-button-size-font-size: 17px;\n--wpforms-button-size-height: 41px;\n--wpforms-button-size-padding-h: 15px;\n--wpforms-button-size-margin-top: 10px;\n--wpforms-container-shadow-size-box-shadow: none;\n\n\t\t\t\t}\n\t\t\t<\/style><style id=\"wpforms-css-vars-elementor-widget-e194bbf\">\n\t\t\t\t.elementor-widget-wpforms.elementor-element-e194bbf {\n\t\t\t\t\t--wpforms-field-border-radius: 10px;\n--wpforms-button-background-color: #823234;\n--wpforms-field-size-input-height: 43px;\n--wpforms-field-size-input-spacing: 15px;\n--wpforms-field-size-font-size: 16px;\n--wpforms-field-size-line-height: 19px;\n--wpforms-field-size-padding-h: 14px;\n--wpforms-field-size-checkbox-size: 16px;\n--wpforms-field-size-sublabel-spacing: 5px;\n--wpforms-field-size-icon-size: 1;\n--wpforms-label-size-font-size: 16px;\n--wpforms-label-size-line-height: 19px;\n--wpforms-label-size-sublabel-font-size: 14px;\n--wpforms-label-size-sublabel-line-height: 17px;\n--wpforms-button-size-font-size: 14px;\n--wpforms-button-size-height: 37px;\n--wpforms-button-size-padding-h: 15px;\n--wpforms-button-size-margin-top: 5px;\n\n\t\t\t\t}\n\t\t\t<\/style><div class=\"wpforms-container wpforms-container-full wpforms-render-modern\" id=\"wpforms-1355\"><form id=\"wpforms-form-1355\" class=\"wpforms-validate wpforms-form wpforms-ajax-form\" data-formid=\"1355\" method=\"post\" enctype=\"multipart\/form-data\" action=\"\/es\/wp-json\/wp\/v2\/pages\/1611\" data-token=\"c679682ff6ad8b10abeabb433836fcce\" data-token-time=\"1777483969\" data-trp-original-action=\"\/es\/wp-json\/wp\/v2\/pages\/1611\"><noscript class=\"wpforms-error-noscript\">Por favor, activa JavaScript en tu navegador para completar este formulario.<\/noscript><div class=\"wpforms-hidden\" id=\"wpforms-error-noscript\">Por favor, activa JavaScript en tu navegador para completar este formulario.<\/div><div class=\"wpforms-field-container\"><div id=\"wpforms-1355-field_0-container\" class=\"wpforms-field wpforms-field-name\" data-field-id=\"0\"><fieldset><legend class=\"wpforms-field-label wpforms-label-hide\" aria-hidden=\"false\">Nombre <span class=\"wpforms-required-label\" aria-hidden=\"true\">*<\/span><\/legend><div class=\"wpforms-field-row wpforms-field-large\"><div class=\"wpforms-field-row-block wpforms-first wpforms-one-half\"><input type=\"text\" id=\"wpforms-1355-field_0\" class=\"wpforms-field-name-first wpforms-field-required\" name=\"wpforms[fields][0][first]\" placeholder=\"Nombre\" aria-errormessage=\"wpforms-1355-field_0-error\" required><label for=\"wpforms-1355-field_0\" class=\"wpforms-field-sublabel after wpforms-sublabel-hide\">Nombre<\/label><\/div><div class=\"wpforms-field-row-block wpforms-one-half\"><input type=\"text\" id=\"wpforms-1355-field_0-last\" class=\"wpforms-field-name-last wpforms-field-required\" name=\"wpforms[fields][0][last]\" placeholder=\"Apellido\" aria-errormessage=\"wpforms-1355-field_0-last-error\" required><label for=\"wpforms-1355-field_0-last\" class=\"wpforms-field-sublabel after wpforms-sublabel-hide\">Apellidos<\/label><\/div><\/div><\/fieldset><\/div><div id=\"wpforms-1355-field_9-container\" class=\"wpforms-field wpforms-field-layout\" data-field-id=\"9\"><label class=\"wpforms-field-label wpforms-label-hide\" aria-hidden=\"false\">Dise\u00f1o<\/label><div class=\"wpforms-field-layout-rows wpforms-field-large\"><div class=\"wpforms-layout-row\"><div class=\"wpforms-layout-column wpforms-layout-column-50\"><div id=\"wpforms-1355-field_8-container\" class=\"wpforms-field wpforms-field-phone\" data-field-id=\"8\"><label class=\"wpforms-field-label wpforms-label-hide\" for=\"wpforms-1355-field_8\" aria-hidden=\"false\">Tel\u00e9fono <span class=\"wpforms-required-label\" aria-hidden=\"true\">*<\/span><\/label><input type=\"tel\" id=\"wpforms-1355-field_8\" class=\"wpforms-field-medium wpforms-field-required wpforms-smart-phone-field\" data-rule-smart-phone-field=\"true\" name=\"wpforms[fields][8]\" placeholder=\"Tel\u00e9fono\" aria-errormessage=\"wpforms-1355-field_8-error\" required><\/div><\/div><div class=\"wpforms-layout-column wpforms-layout-column-50\"><div id=\"wpforms-1355-field_1-container\" class=\"wpforms-field wpforms-field-email\" data-field-id=\"1\"><label class=\"wpforms-field-label wpforms-label-hide\" for=\"wpforms-1355-field_1\" aria-hidden=\"false\">Correo <span class=\"wpforms-required-label\" aria-hidden=\"true\">*<\/span><\/label><input type=\"email\" id=\"wpforms-1355-field_1\" class=\"wpforms-field-large wpforms-field-required\" name=\"wpforms[fields][1]\" placeholder=\"Correo\" spellcheck=\"false\" aria-errormessage=\"wpforms-1355-field_1-error\" required><\/div><\/div><\/div><\/div><\/div><div id=\"wpforms-1355-field_2-container\" class=\"wpforms-field wpforms-field-textarea\" data-field-id=\"2\"><label class=\"wpforms-field-label\" for=\"wpforms-1355-field_2\">Comentario o mensaje <span class=\"wpforms-required-label\" aria-hidden=\"true\">*<\/span><\/label><textarea id=\"wpforms-1355-field_2\" class=\"wpforms-field-medium wpforms-field-required wpforms-limit-words-enabled\" data-form-id=\"1355\" data-field-id=\"2\" data-text-limit=\"200\" name=\"wpforms[fields][2]\" aria-errormessage=\"wpforms-1355-field_2-error\" required><\/textarea><\/div><\/div><!-- .wpforms-field-container --><div class=\"wpforms-submit-container\" ><input type=\"hidden\" name=\"wpforms[id]\" value=\"1355\"><input type=\"hidden\" name=\"page_title\" value=\"\"><input type=\"hidden\" name=\"page_url\" value=\"https:\/\/ohlalavoila.com\/es\/wp-json\/wp\/v2\/pages\/1611\"><button type=\"submit\" name=\"wpforms[submit]\" id=\"wpforms-submit-1355\" class=\"wpforms-submit\" data-alt-text=\"Sending...\" data-submit-text=\"Send\" aria-live=\"assertive\" value=\"wpforms-submit\">Enviar<\/button><img decoding=\"async\" src=\"https:\/\/ohlalavoila.com\/wp-content\/plugins\/wpforms\/assets\/images\/submit-spin.svg\" class=\"wpforms-submit-spinner\" style=\"display: none;\" width=\"26\" height=\"26\" alt=\"Cargando\"><\/div><input type=\"hidden\" name=\"trp-form-language\" value=\"es\"\/><\/form><\/div>  <!-- .wpforms-container -->\t\t\t\t<\/div>\n\t\t\t\t<\/div>\n\t\t\t\t<\/div>\n\t\t\t\t\t<\/div>\n\t\t\t\t<\/div>\n\t\t\t\t<\/div>","protected":false},"excerpt":{"rendered":"<p>Contact us We will be happy to assist you! Do you want to know more about what we can offer [&hellip;]<\/p>","protected":false},"author":1,"featured_media":0,"parent":0,"menu_order":0,"comment_status":"closed","ping_status":"closed","template":"","meta":{"site-sidebar-layout":"no-sidebar","site-content-layout":"","ast-site-content-layout":"full-width-container","site-content-style":"default","site-sidebar-style":"default","ast-global-header-display":"","ast-banner-title-visibility":"","ast-main-header-display":"","ast-hfb-above-header-display":"","ast-hfb-below-header-display":"","ast-hfb-mobile-header-display":"","site-post-title":"disabled","ast-breadcrumbs-content":"","ast-featured-img":"disabled","footer-sml-layout":"","ast-disable-related-posts":"","theme-transparent-header-meta":"","adv-header-id-meta":"","stick-header-meta":"","header-above-stick-meta":"","header-main-stick-meta":"","header-below-stick-meta":"","astra-migrate-meta-layouts":"default","ast-page-background-enabled":"default","ast-page-background-meta":{"desktop":{"background-color":"var(--ast-global-color-4)","background-image":"","background-repeat":"repeat","background-position":"center center","background-size":"auto","background-attachment":"scroll","background-type":"","background-media":"","overlay-type":"","overlay-color":"","overlay-opacity":"","overlay-gradient":""},"tablet":{"background-color":"","background-image":"","background-repeat":"repeat","background-position":"center center","background-size":"auto","background-attachment":"scroll","background-type":"","background-media":"","overlay-type":"","overlay-color":"","overlay-opacity":"","overlay-gradient":""},"mobile":{"background-color":"","background-image":"","background-repeat":"repeat","background-position":"center center","background-size":"auto","background-attachment":"scroll","background-type":"","background-media":"","overlay-type":"","overlay-color":"","overlay-opacity":"","overlay-gradient":""}},"ast-content-background-meta":{"desktop":{"background-color":"var(--ast-global-color-5)","background-image":"","background-repeat":"repeat","background-position":"center center","background-size":"auto","background-attachment":"scroll","background-type":"","background-media":"","overlay-type":"","overlay-color":"","overlay-opacity":"","overlay-gradient":""},"tablet":{"background-color":"var(--ast-global-color-5)","background-image":"","background-repeat":"repeat","background-position":"center center","background-size":"auto","background-attachment":"scroll","background-type":"","background-media":"","overlay-type":"","overlay-color":"","overlay-opacity":"","overlay-gradient":""},"mobile":{"background-color":"var(--ast-global-color-5)","background-image":"","background-repeat":"repeat","background-position":"center center","background-size":"auto","background-attachment":"scroll","background-type":"","background-media":"","overlay-type":"","overlay-color":"","overlay-opacity":"","overlay-gradient":""}},"footnotes":""},"class_list":["post-1611","page","type-page","status-publish","hentry"],"yoast_head":"<!-- This site is optimized with the Yoast SEO plugin v26.8 - https:\/\/yoast.com\/product\/yoast-seo-wordpress\/ -->\n<title>Artisanal mini bites, enjoy the exquisiteness of French tradition<\/title>\n<meta name=\"description\" content=\"Enjoy the exquisiteness of French tradition, with our artisanal Mini Bites. We have a wide variety of flavors and we customize the boxes for your presentation.\" \/>\n<meta name=\"robots\" content=\"index, follow, max-snippet:-1, max-image-preview:large, max-video-preview:-1\" \/>\n<link rel=\"canonical\" href=\"https:\/\/ohlalavoila.com\/es\/contact\/\" \/>\n<meta property=\"og:locale\" content=\"es_ES\" \/>\n<meta property=\"og:type\" content=\"article\" \/>\n<meta property=\"og:title\" content=\"Artisanal mini bites, enjoy the exquisiteness of French tradition\" \/>\n<meta property=\"og:description\" content=\"Enjoy the exquisiteness of French tradition, with our artisanal Mini Bites. We have a wide variety of flavors and we customize the boxes for your presentation.\" \/>\n<meta property=\"og:url\" content=\"https:\/\/ohlalavoila.com\/es\/contact\/\" \/>\n<meta property=\"og:site_name\" content=\"Delight yourself with the best variety of mini bites and pies in Miami\" \/>\n<meta property=\"article:modified_time\" content=\"2024-09-04T14:44:58+00:00\" \/>\n<meta property=\"og:image\" content=\"https:\/\/ohlalavoila.com\/wp-content\/uploads\/2024\/07\/Contacto-Catering-1.jpg\" \/>\n<script type=\"application\/ld+json\" class=\"yoast-schema-graph\">{\"@context\":\"https:\/\/schema.org\",\"@graph\":[{\"@type\":\"WebPage\",\"@id\":\"https:\/\/ohlalavoila.com\/contact\/\",\"url\":\"https:\/\/ohlalavoila.com\/contact\/\",\"name\":\"Artisanal mini bites, enjoy the exquisiteness of French tradition\",\"isPartOf\":{\"@id\":\"https:\/\/ohlalavoila.com\/#website\"},\"primaryImageOfPage\":{\"@id\":\"https:\/\/ohlalavoila.com\/contact\/#primaryimage\"},\"image\":{\"@id\":\"https:\/\/ohlalavoila.com\/contact\/#primaryimage\"},\"thumbnailUrl\":\"https:\/\/ohlalavoila.com\/wp-content\/uploads\/2024\/07\/Contacto-Catering-1.jpg\",\"datePublished\":\"2024-08-19T17:48:06+00:00\",\"dateModified\":\"2024-09-04T14:44:58+00:00\",\"description\":\"Enjoy the exquisiteness of French tradition, with our artisanal Mini Bites. We have a wide variety of flavors and we customize the boxes for your presentation.\",\"breadcrumb\":{\"@id\":\"https:\/\/ohlalavoila.com\/contact\/#breadcrumb\"},\"inLanguage\":\"es\",\"potentialAction\":[{\"@type\":\"ReadAction\",\"target\":[\"https:\/\/ohlalavoila.com\/contact\/\"]}]},{\"@type\":\"ImageObject\",\"inLanguage\":\"es\",\"@id\":\"https:\/\/ohlalavoila.com\/contact\/#primaryimage\",\"url\":\"https:\/\/ohlalavoila.com\/wp-content\/uploads\/2024\/07\/Contacto-Catering-1.jpg\",\"contentUrl\":\"https:\/\/ohlalavoila.com\/wp-content\/uploads\/2024\/07\/Contacto-Catering-1.jpg\"},{\"@type\":\"BreadcrumbList\",\"@id\":\"https:\/\/ohlalavoila.com\/contact\/#breadcrumb\",\"itemListElement\":[{\"@type\":\"ListItem\",\"position\":1,\"name\":\"Home\",\"item\":\"https:\/\/ohlalavoila.com\/\"},{\"@type\":\"ListItem\",\"position\":2,\"name\":\"Contact\"}]},{\"@type\":\"WebSite\",\"@id\":\"https:\/\/ohlalavoila.com\/#website\",\"url\":\"https:\/\/ohlalavoila.com\/\",\"name\":\"Ohlala voila Mini Bites Miami Florida\",\"description\":\"Discover our delicious selection of Mini Bites. Enjoy a unique experience, fast delivery to Miami and all of Florida.\",\"publisher\":{\"@id\":\"https:\/\/ohlalavoila.com\/#organization\"},\"alternateName\":\"The best Mini Bites for all types of occasions and celebrations\",\"potentialAction\":[{\"@type\":\"SearchAction\",\"target\":{\"@type\":\"EntryPoint\",\"urlTemplate\":\"https:\/\/ohlalavoila.com\/?s={search_term_string}\"},\"query-input\":{\"@type\":\"PropertyValueSpecification\",\"valueRequired\":true,\"valueName\":\"search_term_string\"}}],\"inLanguage\":\"es\"},{\"@type\":\"Organization\",\"@id\":\"https:\/\/ohlalavoila.com\/#organization\",\"name\":\"Ohlala voila Mini Bites Miami Florida\",\"url\":\"https:\/\/ohlalavoila.com\/\",\"logo\":{\"@type\":\"ImageObject\",\"inLanguage\":\"es\",\"@id\":\"https:\/\/ohlalavoila.com\/#\/schema\/logo\/image\/\",\"url\":\"https:\/\/ohlalavoila.com\/wp-content\/uploads\/2024\/08\/696.jpg\",\"contentUrl\":\"https:\/\/ohlalavoila.com\/wp-content\/uploads\/2024\/08\/696.jpg\",\"width\":696,\"height\":675,\"caption\":\"Ohlala voila Mini Bites Miami Florida\"},\"image\":{\"@id\":\"https:\/\/ohlalavoila.com\/#\/schema\/logo\/image\/\"}}]}<\/script>\n<!-- \/ Yoast SEO plugin. -->","yoast_head_json":{"title":"Mini bocados artesanales, disfruta de la exquisitez de la tradici\u00f3n francesa","description":"Disfruta de la exquisitez de la tradici\u00f3n francesa, con nuestros Mini Bites artesanales. Contamos con una amplia variedad de sabores y personalizamos las cajas para tu presentaci\u00f3n.","robots":{"index":"index","follow":"follow","max-snippet":"max-snippet:-1","max-image-preview":"max-image-preview:large","max-video-preview":"max-video-preview:-1"},"canonical":"https:\/\/ohlalavoila.com\/es\/contact\/","og_locale":"es_ES","og_type":"article","og_title":"Artisanal mini bites, enjoy the exquisiteness of French tradition","og_description":"Enjoy the exquisiteness of French tradition, with our artisanal Mini Bites. We have a wide variety of flavors and we customize the boxes for your presentation.","og_url":"https:\/\/ohlalavoila.com\/es\/contact\/","og_site_name":"Delight yourself with the best variety of mini bites and pies in Miami","article_modified_time":"2024-09-04T14:44:58+00:00","og_image":[{"url":"https:\/\/ohlalavoila.com\/wp-content\/uploads\/2024\/07\/Contacto-Catering-1.jpg","type":"","width":"","height":""}],"schema":{"@context":"https:\/\/schema.org","@graph":[{"@type":"WebPage","@id":"https:\/\/ohlalavoila.com\/contact\/","url":"https:\/\/ohlalavoila.com\/contact\/","name":"Mini bocados artesanales, disfruta de la exquisitez de la tradici\u00f3n francesa","isPartOf":{"@id":"https:\/\/ohlalavoila.com\/#website"},"primaryImageOfPage":{"@id":"https:\/\/ohlalavoila.com\/contact\/#primaryimage"},"image":{"@id":"https:\/\/ohlalavoila.com\/contact\/#primaryimage"},"thumbnailUrl":"https:\/\/ohlalavoila.com\/wp-content\/uploads\/2024\/07\/Contacto-Catering-1.jpg","datePublished":"2024-08-19T17:48:06+00:00","dateModified":"2024-09-04T14:44:58+00:00","description":"Disfruta de la exquisitez de la tradici\u00f3n francesa, con nuestros Mini Bites artesanales. Contamos con una amplia variedad de sabores y personalizamos las cajas para tu presentaci\u00f3n.","breadcrumb":{"@id":"https:\/\/ohlalavoila.com\/contact\/#breadcrumb"},"inLanguage":"es","potentialAction":[{"@type":"ReadAction","target":["https:\/\/ohlalavoila.com\/contact\/"]}]},{"@type":"ImageObject","inLanguage":"es","@id":"https:\/\/ohlalavoila.com\/contact\/#primaryimage","url":"https:\/\/ohlalavoila.com\/wp-content\/uploads\/2024\/07\/Contacto-Catering-1.jpg","contentUrl":"https:\/\/ohlalavoila.com\/wp-content\/uploads\/2024\/07\/Contacto-Catering-1.jpg"},{"@type":"BreadcrumbList","@id":"https:\/\/ohlalavoila.com\/contact\/#breadcrumb","itemListElement":[{"@type":"ListItem","position":1,"name":"Home","item":"https:\/\/ohlalavoila.com\/"},{"@type":"ListItem","position":2,"name":"Contact"}]},{"@type":"WebSite","@id":"https:\/\/ohlalavoila.com\/#website","url":"https:\/\/ohlalavoila.com\/","name":"Ohlala voila Mini Bites Miami Florida","description":"Descubre nuestra deliciosa selecci\u00f3n de Mini Bites. Disfruta de una experiencia \u00fanica, entrega r\u00e1pida a Miami y toda La Florida.","publisher":{"@id":"https:\/\/ohlalavoila.com\/#organization"},"alternateName":"The best Mini Bites for all types of occasions and celebrations","potentialAction":[{"@type":"SearchAction","target":{"@type":"EntryPoint","urlTemplate":"https:\/\/ohlalavoila.com\/?s={search_term_string}"},"query-input":{"@type":"PropertyValueSpecification","valueRequired":true,"valueName":"search_term_string"}}],"inLanguage":"es"},{"@type":"Organization","@id":"https:\/\/ohlalavoila.com\/#organization","name":"Ohlala voila Mini Bites Miami Florida","url":"https:\/\/ohlalavoila.com\/","logo":{"@type":"ImageObject","inLanguage":"es","@id":"https:\/\/ohlalavoila.com\/#\/schema\/logo\/image\/","url":"https:\/\/ohlalavoila.com\/wp-content\/uploads\/2024\/08\/696.jpg","contentUrl":"https:\/\/ohlalavoila.com\/wp-content\/uploads\/2024\/08\/696.jpg","width":696,"height":675,"caption":"Ohlala voila Mini Bites Miami Florida"},"image":{"@id":"https:\/\/ohlalavoila.com\/#\/schema\/logo\/image\/"}}]}},"_links":{"self":[{"href":"https:\/\/ohlalavoila.com\/es\/wp-json\/wp\/v2\/pages\/1611","targetHints":{"allow":["GET"]}}],"collection":[{"href":"https:\/\/ohlalavoila.com\/es\/wp-json\/wp\/v2\/pages"}],"about":[{"href":"https:\/\/ohlalavoila.com\/es\/wp-json\/wp\/v2\/types\/page"}],"author":[{"embeddable":true,"href":"https:\/\/ohlalavoila.com\/es\/wp-json\/wp\/v2\/users\/1"}],"replies":[{"embeddable":true,"href":"https:\/\/ohlalavoila.com\/es\/wp-json\/wp\/v2\/comments?post=1611"}],"version-history":[{"count":1,"href":"https:\/\/ohlalavoila.com\/es\/wp-json\/wp\/v2\/pages\/1611\/revisions"}],"predecessor-version":[{"id":1842,"href":"https:\/\/ohlalavoila.com\/es\/wp-json\/wp\/v2\/pages\/1611\/revisions\/1842"}],"wp:attachment":[{"href":"https:\/\/ohlalavoila.com\/es\/wp-json\/wp\/v2\/media?parent=1611"}],"curies":[{"name":"wp","href":"https:\/\/api.w.org\/{rel}","templated":true}]}}