{"id":210,"date":"2024-06-27T15:26:52","date_gmt":"2024-06-27T15:26:52","guid":{"rendered":"https:\/\/ohlalavoila.com\/?post_type=product&#038;p=210"},"modified":"2024-09-27T13:35:05","modified_gmt":"2024-09-27T18:35:05","slug":"chocolate-mini-bites","status":"publish","type":"product","link":"https:\/\/ohlalavoila.com\/es\/producto\/tartaleta-chocolate\/","title":{"rendered":"Mini tartaleta de Chocolate"},"content":{"rendered":"","protected":false},"excerpt":{"rendered":"<p>Mini bocados con sabor a chocolate semiamargo decorados con un palito de chocolate.<\/p>\n<div id=\"gtx-trans\" style=\"position: absolute; left: -28px; top: -3px;\">\n<div class=\"gtx-trans-icon\"><\/div>\n<\/div>","protected":false},"featured_media":1441,"template":"","meta":{"site-sidebar-layout":"default","site-content-layout":"","ast-site-content-layout":"default","site-content-style":"default","site-sidebar-style":"default","ast-global-header-display":"","ast-banner-title-visibility":"","ast-main-header-display":"","ast-hfb-above-header-display":"","ast-hfb-below-header-display":"","ast-hfb-mobile-header-display":"","site-post-title":"","ast-breadcrumbs-content":"","ast-featured-img":"","footer-sml-layout":"","ast-disable-related-posts":"","theme-transparent-header-meta":"default","adv-header-id-meta":"","stick-header-meta":"","header-above-stick-meta":"","header-main-stick-meta":"","header-below-stick-meta":"","astra-migrate-meta-layouts":"set","ast-page-background-enabled":"default","ast-page-background-meta":{"desktop":{"background-color":"var(--ast-global-color-4)","background-image":"","background-repeat":"repeat","background-position":"center center","background-size":"auto","background-attachment":"scroll","background-type":"","background-media":"","overlay-type":"","overlay-color":"","overlay-opacity":"","overlay-gradient":""},"tablet":{"background-color":"","background-image":"","background-repeat":"repeat","background-position":"center center","background-size":"auto","background-attachment":"scroll","background-type":"","background-media":"","overlay-type":"","overlay-color":"","overlay-opacity":"","overlay-gradient":""},"mobile":{"background-color":"","background-image":"","background-repeat":"repeat","background-position":"center center","background-size":"auto","background-attachment":"scroll","background-type":"","background-media":"","overlay-type":"","overlay-color":"","overlay-opacity":"","overlay-gradient":""}},"ast-content-background-meta":{"desktop":{"background-color":"var(--ast-global-color-5)","background-image":"","background-repeat":"repeat","background-position":"center center","background-size":"auto","background-attachment":"scroll","background-type":"","background-media":"","overlay-type":"","overlay-color":"","overlay-opacity":"","overlay-gradient":""},"tablet":{"background-color":"var(--ast-global-color-5)","background-image":"","background-repeat":"repeat","background-position":"center center","background-size":"auto","background-attachment":"scroll","background-type":"","background-media":"","overlay-type":"","overlay-color":"","overlay-opacity":"","overlay-gradient":""},"mobile":{"background-color":"var(--ast-global-color-5)","background-image":"","background-repeat":"repeat","background-position":"center center","background-size":"auto","background-attachment":"scroll","background-type":"","background-media":"","overlay-type":"","overlay-color":"","overlay-opacity":"","overlay-gradient":""}}},"product_brand":[],"product_cat":[29],"product_tag":[],"class_list":{"0":"post-210","1":"product","2":"type-product","3":"status-publish","4":"has-post-thumbnail","6":"product_cat-mini-bites","7":"desktop-align-left","8":"tablet-align-left","9":"mobile-align-left","10":"tm-has-options","12":"first","13":"instock","14":"taxable","15":"shipping-taxable","16":"purchasable","17":"product-type-variable"},"yoast_head":"<!-- This site is optimized with the Yoast SEO plugin v26.8 - https:\/\/yoast.com\/product\/yoast-seo-wordpress\/ -->\n<title>Enjoy our Chocolate Mini Bites, irresistible bites<\/title>\n<meta name=\"description\" content=\"Savor our Chocolate Mini Bites, small intensely chocolatey pleasures that will brighten your day.\" \/>\n<meta name=\"robots\" content=\"index, follow, max-snippet:-1, max-image-preview:large, max-video-preview:-1\" \/>\n<link rel=\"canonical\" href=\"https:\/\/ohlalavoila.com\/es\/producto\/tartaleta-chocolate\/\" \/>\n<meta property=\"og:locale\" content=\"es_ES\" \/>\n<meta property=\"og:type\" content=\"article\" \/>\n<meta property=\"og:title\" content=\"Enjoy our Chocolate Mini Bites, irresistible bites\" \/>\n<meta property=\"og:description\" content=\"Savor our Chocolate Mini Bites, small intensely chocolatey pleasures that will brighten your day.\" \/>\n<meta property=\"og:url\" content=\"https:\/\/ohlalavoila.com\/es\/producto\/tartaleta-chocolate\/\" \/>\n<meta property=\"og:site_name\" content=\"Delight yourself with the best variety of mini bites and pies in Miami\" \/>\n<meta property=\"article:modified_time\" content=\"2024-09-27T18:35:05+00:00\" \/>\n<meta property=\"og:image\" content=\"https:\/\/ohlalavoila.com\/wp-content\/uploads\/2024\/06\/Chocolate-Mini-Bites-5.jpg\" \/>\n\t<meta property=\"og:image:width\" content=\"800\" \/>\n\t<meta property=\"og:image:height\" content=\"799\" \/>\n\t<meta property=\"og:image:type\" content=\"image\/jpeg\" \/>\n<script type=\"application\/ld+json\" class=\"yoast-schema-graph\">{\"@context\":\"https:\/\/schema.org\",\"@graph\":[{\"@type\":\"WebPage\",\"@id\":\"https:\/\/ohlalavoila.com\/product\/chocolate-mini-bites\/\",\"url\":\"https:\/\/ohlalavoila.com\/product\/chocolate-mini-bites\/\",\"name\":\"Enjoy our Chocolate Mini Bites, irresistible bites\",\"isPartOf\":{\"@id\":\"https:\/\/ohlalavoila.com\/#website\"},\"primaryImageOfPage\":{\"@id\":\"https:\/\/ohlalavoila.com\/product\/chocolate-mini-bites\/#primaryimage\"},\"image\":{\"@id\":\"https:\/\/ohlalavoila.com\/product\/chocolate-mini-bites\/#primaryimage\"},\"thumbnailUrl\":\"https:\/\/ohlalavoila.com\/wp-content\/uploads\/2024\/06\/Chocolate-Mini-Bites-5.jpg\",\"datePublished\":\"2024-06-27T15:26:52+00:00\",\"dateModified\":\"2024-09-27T18:35:05+00:00\",\"description\":\"Savor our Chocolate Mini Bites, small intensely chocolatey pleasures that will brighten your day.\",\"breadcrumb\":{\"@id\":\"https:\/\/ohlalavoila.com\/product\/chocolate-mini-bites\/#breadcrumb\"},\"inLanguage\":\"es\",\"potentialAction\":[{\"@type\":\"ReadAction\",\"target\":[\"https:\/\/ohlalavoila.com\/product\/chocolate-mini-bites\/\"]}]},{\"@type\":\"ImageObject\",\"inLanguage\":\"es\",\"@id\":\"https:\/\/ohlalavoila.com\/product\/chocolate-mini-bites\/#primaryimage\",\"url\":\"https:\/\/ohlalavoila.com\/wp-content\/uploads\/2024\/06\/Chocolate-Mini-Bites-5.jpg\",\"contentUrl\":\"https:\/\/ohlalavoila.com\/wp-content\/uploads\/2024\/06\/Chocolate-Mini-Bites-5.jpg\",\"width\":800,\"height\":799,\"caption\":\"Chocolate Mini Bites\"},{\"@type\":\"BreadcrumbList\",\"@id\":\"https:\/\/ohlalavoila.com\/product\/chocolate-mini-bites\/#breadcrumb\",\"itemListElement\":[{\"@type\":\"ListItem\",\"position\":1,\"name\":\"Home\",\"item\":\"https:\/\/ohlalavoila.com\/\"},{\"@type\":\"ListItem\",\"position\":2,\"name\":\"Shop\",\"item\":\"https:\/\/ohlalavoila.com\/shop\/\"},{\"@type\":\"ListItem\",\"position\":3,\"name\":\"Chocolate Mini Bites\"}]},{\"@type\":\"WebSite\",\"@id\":\"https:\/\/ohlalavoila.com\/#website\",\"url\":\"https:\/\/ohlalavoila.com\/\",\"name\":\"Ohlala voila Mini Bites Miami Florida\",\"description\":\"Discover our delicious selection of Mini Bites. Enjoy a unique experience, fast delivery to Miami and all of Florida.\",\"publisher\":{\"@id\":\"https:\/\/ohlalavoila.com\/#organization\"},\"alternateName\":\"The best Mini Bites for all types of occasions and celebrations\",\"potentialAction\":[{\"@type\":\"SearchAction\",\"target\":{\"@type\":\"EntryPoint\",\"urlTemplate\":\"https:\/\/ohlalavoila.com\/?s={search_term_string}\"},\"query-input\":{\"@type\":\"PropertyValueSpecification\",\"valueRequired\":true,\"valueName\":\"search_term_string\"}}],\"inLanguage\":\"es\"},{\"@type\":\"Organization\",\"@id\":\"https:\/\/ohlalavoila.com\/#organization\",\"name\":\"Ohlala voila Mini Bites Miami Florida\",\"url\":\"https:\/\/ohlalavoila.com\/\",\"logo\":{\"@type\":\"ImageObject\",\"inLanguage\":\"es\",\"@id\":\"https:\/\/ohlalavoila.com\/#\/schema\/logo\/image\/\",\"url\":\"https:\/\/ohlalavoila.com\/wp-content\/uploads\/2024\/08\/696.jpg\",\"contentUrl\":\"https:\/\/ohlalavoila.com\/wp-content\/uploads\/2024\/08\/696.jpg\",\"width\":696,\"height\":675,\"caption\":\"Ohlala voila Mini Bites Miami Florida\"},\"image\":{\"@id\":\"https:\/\/ohlalavoila.com\/#\/schema\/logo\/image\/\"}}]}<\/script>\n<!-- \/ Yoast SEO plugin. -->","yoast_head_json":{"title":"Disfruta de nuestros Mini Bites de Chocolate, bocados irresistibles","description":"Saborea nuestros Mini Bites de Chocolate, peque\u00f1os placeres que te alegrar\u00e1n el d\u00eda.","robots":{"index":"index","follow":"follow","max-snippet":"max-snippet:-1","max-image-preview":"max-image-preview:large","max-video-preview":"max-video-preview:-1"},"canonical":"https:\/\/ohlalavoila.com\/es\/producto\/tartaleta-chocolate\/","og_locale":"es_ES","og_type":"article","og_title":"Enjoy our Chocolate Mini Bites, irresistible bites","og_description":"Savor our Chocolate Mini Bites, small intensely chocolatey pleasures that will brighten your day.","og_url":"https:\/\/ohlalavoila.com\/es\/producto\/tartaleta-chocolate\/","og_site_name":"Delight yourself with the best variety of mini bites and pies in Miami","article_modified_time":"2024-09-27T18:35:05+00:00","og_image":[{"width":800,"height":799,"url":"https:\/\/ohlalavoila.com\/wp-content\/uploads\/2024\/06\/Chocolate-Mini-Bites-5.jpg","type":"image\/jpeg"}],"schema":{"@context":"https:\/\/schema.org","@graph":[{"@type":"WebPage","@id":"https:\/\/ohlalavoila.com\/product\/chocolate-mini-bites\/","url":"https:\/\/ohlalavoila.com\/product\/chocolate-mini-bites\/","name":"Disfruta de nuestros Mini Bites de Chocolate, bocados irresistibles","isPartOf":{"@id":"https:\/\/ohlalavoila.com\/#website"},"primaryImageOfPage":{"@id":"https:\/\/ohlalavoila.com\/product\/chocolate-mini-bites\/#primaryimage"},"image":{"@id":"https:\/\/ohlalavoila.com\/product\/chocolate-mini-bites\/#primaryimage"},"thumbnailUrl":"https:\/\/ohlalavoila.com\/wp-content\/uploads\/2024\/06\/Chocolate-Mini-Bites-5.jpg","datePublished":"2024-06-27T15:26:52+00:00","dateModified":"2024-09-27T18:35:05+00:00","description":"Saborea nuestros Mini Bites de Chocolate, peque\u00f1os placeres que te alegrar\u00e1n el d\u00eda.","breadcrumb":{"@id":"https:\/\/ohlalavoila.com\/product\/chocolate-mini-bites\/#breadcrumb"},"inLanguage":"es","potentialAction":[{"@type":"ReadAction","target":["https:\/\/ohlalavoila.com\/product\/chocolate-mini-bites\/"]}]},{"@type":"ImageObject","inLanguage":"es","@id":"https:\/\/ohlalavoila.com\/product\/chocolate-mini-bites\/#primaryimage","url":"https:\/\/ohlalavoila.com\/wp-content\/uploads\/2024\/06\/Chocolate-Mini-Bites-5.jpg","contentUrl":"https:\/\/ohlalavoila.com\/wp-content\/uploads\/2024\/06\/Chocolate-Mini-Bites-5.jpg","width":800,"height":799,"caption":"Chocolate Mini Bites"},{"@type":"BreadcrumbList","@id":"https:\/\/ohlalavoila.com\/product\/chocolate-mini-bites\/#breadcrumb","itemListElement":[{"@type":"ListItem","position":1,"name":"Home","item":"https:\/\/ohlalavoila.com\/"},{"@type":"ListItem","position":2,"name":"Shop","item":"https:\/\/ohlalavoila.com\/shop\/"},{"@type":"ListItem","position":3,"name":"Chocolate Mini Bites"}]},{"@type":"WebSite","@id":"https:\/\/ohlalavoila.com\/#website","url":"https:\/\/ohlalavoila.com\/","name":"Ohlala voila Mini Bites Miami Florida","description":"Descubre nuestra deliciosa selecci\u00f3n de Mini Bites. Disfruta de una experiencia \u00fanica, entrega r\u00e1pida a Miami y toda La Florida.","publisher":{"@id":"https:\/\/ohlalavoila.com\/#organization"},"alternateName":"The best Mini Bites for all types of occasions and celebrations","potentialAction":[{"@type":"SearchAction","target":{"@type":"EntryPoint","urlTemplate":"https:\/\/ohlalavoila.com\/?s={search_term_string}"},"query-input":{"@type":"PropertyValueSpecification","valueRequired":true,"valueName":"search_term_string"}}],"inLanguage":"es"},{"@type":"Organization","@id":"https:\/\/ohlalavoila.com\/#organization","name":"Ohlala voila Mini Bites Miami Florida","url":"https:\/\/ohlalavoila.com\/","logo":{"@type":"ImageObject","inLanguage":"es","@id":"https:\/\/ohlalavoila.com\/#\/schema\/logo\/image\/","url":"https:\/\/ohlalavoila.com\/wp-content\/uploads\/2024\/08\/696.jpg","contentUrl":"https:\/\/ohlalavoila.com\/wp-content\/uploads\/2024\/08\/696.jpg","width":696,"height":675,"caption":"Ohlala voila Mini Bites Miami Florida"},"image":{"@id":"https:\/\/ohlalavoila.com\/#\/schema\/logo\/image\/"}}]}},"_links":{"self":[{"href":"https:\/\/ohlalavoila.com\/es\/wp-json\/wp\/v2\/product\/210","targetHints":{"allow":["GET"]}}],"collection":[{"href":"https:\/\/ohlalavoila.com\/es\/wp-json\/wp\/v2\/product"}],"about":[{"href":"https:\/\/ohlalavoila.com\/es\/wp-json\/wp\/v2\/types\/product"}],"wp:featuredmedia":[{"embeddable":true,"href":"https:\/\/ohlalavoila.com\/es\/wp-json\/wp\/v2\/media\/1441"}],"wp:attachment":[{"href":"https:\/\/ohlalavoila.com\/es\/wp-json\/wp\/v2\/media?parent=210"}],"wp:term":[{"taxonomy":"product_brand","embeddable":true,"href":"https:\/\/ohlalavoila.com\/es\/wp-json\/wp\/v2\/product_brand?post=210"},{"taxonomy":"product_cat","embeddable":true,"href":"https:\/\/ohlalavoila.com\/es\/wp-json\/wp\/v2\/product_cat?post=210"},{"taxonomy":"product_tag","embeddable":true,"href":"https:\/\/ohlalavoila.com\/es\/wp-json\/wp\/v2\/product_tag?post=210"}],"curies":[{"name":"wp","href":"https:\/\/api.w.org\/{rel}","templated":true}]}}